{"id":93,"date":"2018-10-11T12:14:47","date_gmt":"2018-10-11T12:14:47","guid":{"rendered":"http:\/\/timmyschenk.local\/?page_id=93"},"modified":"2018-12-14T14:24:34","modified_gmt":"2018-12-14T13:24:34","slug":"news","status":"publish","type":"page","link":"http:\/\/www.timmyschenk.com\/en\/","title":{"rendered":"Home"},"content":{"rendered":"\n<p>Welcome aboard !<\/p>\n\n\n\n<p>Through this site I invite you to discover my work as a composer and musician... between electronic and instrumental, contemporary and rock music.<\/p>\n\n\n\n<p>Latest posts:<\/p>\n\n\n<ul class=\"wp-block-latest-posts__list wp-block-latest-posts\"><li><a href=\"http:\/\/www.timmyschenk.com\/en\/declic-sur-les-quais\/\">D\u00e9clic sur les quais<\/a><\/li>\n<li><a href=\"http:\/\/www.timmyschenk.com\/en\/online-down-in-a-wormhole-2018\/\">Online: Down In A Wormhole (2018)<\/a><\/li>\n<li><a href=\"http:\/\/www.timmyschenk.com\/en\/back-home\/\">Back &#8220;home&#8221; !<\/a><\/li>\n<li><a href=\"http:\/\/www.timmyschenk.com\/en\/un-peu-de-lecture-entre-les-fetes\/\">Un peu de lecture entre les f\u00eates ?<\/a><\/li>\n<li><a href=\"http:\/\/www.timmyschenk.com\/en\/happy-christmas-your-arse-i-pray-god-its-our-last\/\">Happy Christmas your arse, I pray god it&#8217;s our last!<\/a><\/li>\n<\/ul>\n\n<p><\/p>\n<blockquote>\n<p>About my work...<\/p>\n<p>\"Frequency-based composition\", more than \"spectral music\", perfectly defines my way of working. Sounds, and therefore spectra, are always central in my compositions. With help of different processes, I generate a harmonic language based on consonance and dissonance, which is not built according to harmonic functions like chord sequences, but where each note, regarding its frequency and the treatment which is applied, can generate one or more other notes.<\/p>\n<p>I try to use this processes in a recurring way, so that they can induce a kind of logic in my pieces which, even if it is not necessarily describable, is at least perceptible. Subsequently, I always allow myself the reorganization and restructuring of the results given by them according to my ear, to what I like. Thus intuition is always present in my creative work: whether in the development of basic processes, or in the sculpture of material generated by them.<\/p>\n<p>Lorsque l\u2019on tente de d\u00e9crire sa propre musique, on a souvent tendance \u00e0\u0300 se cacher derri\u00e8re des explications th\u00e9oriques, non pas parce-que l\u2019aspect esth\u00e9tique ou po\u00e9tique de notre musique est fondamentalement ineffable mais qu\u2019il y a, selon moi, \u00e0 ce sujet souvent beaucoup moins \u00e0 dire, et qu\u2019il n\u2019est pas ais\u00e9 d\u2019y trouver les bons mots. C\u2019est pourquoi je souhaite proposer \u00e0 la suite des explications th\u00e9oriques pr\u00e9c\u00e9dentes une approche po\u00e9tique, sous forme d\u2019une m\u00e9taphore d\u00e9crivant \u00e0 mes yeux un moment musical r\u00e9ussi&nbsp;:<\/p>\n<p><em>Imagine the twilight in an arctic region, you see the ocean from the coast. The sun in the distance melts into the horizon, but near you strong winds form a swell and move clouds of snow on the coast. A light show emerges when the sunbeams meet the waves or snowclouds, then the light disappears when a trough appears in the ocean or the wind stops blowing. When all seems calm, blocks of ice break off the coast and shatter the silence in a heavy roar, and trigger new waves coming one last time to play with the sunbeams before it sinks into the horizon, giving way to cold and white reflections emitted by the sky on an ocean now of a frozen and soothing calm.<\/em><\/p>\n<\/blockquote>\n\n\n<p><\/p>\n","protected":false},"excerpt":{"rendered":"<p>Bienvenue \u00e0 bord ! Au travers de ce site je vous propose de d\u00e9couvrir mon travail de compositeur et de musicien&#8230; entre \u00e9lectronique et instrumental, entre musique contemporaine et rock. Articles r\u00e9cents: \u00c0 propos de mon langage musical\u2026 Le terme \u201cfrequency-based composition\u201d, plus que \u201cmusique spectrale\u201d, d\u00e9finit parfaitement ma fa\u00e7on de travailler. Les sons, et [&hellip;]<\/p>\n","protected":false},"author":1,"featured_media":0,"parent":0,"menu_order":0,"comment_status":"closed","ping_status":"closed","template":"","meta":{"spay_email":""},"_links":{"self":[{"href":"http:\/\/www.timmyschenk.com\/en\/wp-json\/wp\/v2\/pages\/93"}],"collection":[{"href":"http:\/\/www.timmyschenk.com\/en\/wp-json\/wp\/v2\/pages"}],"about":[{"href":"http:\/\/www.timmyschenk.com\/en\/wp-json\/wp\/v2\/types\/page"}],"author":[{"embeddable":true,"href":"http:\/\/www.timmyschenk.com\/en\/wp-json\/wp\/v2\/users\/1"}],"replies":[{"embeddable":true,"href":"http:\/\/www.timmyschenk.com\/en\/wp-json\/wp\/v2\/comments?post=93"}],"version-history":[{"count":6,"href":"http:\/\/www.timmyschenk.com\/en\/wp-json\/wp\/v2\/pages\/93\/revisions"}],"predecessor-version":[{"id":639,"href":"http:\/\/www.timmyschenk.com\/en\/wp-json\/wp\/v2\/pages\/93\/revisions\/639"}],"wp:attachment":[{"href":"http:\/\/www.timmyschenk.com\/en\/wp-json\/wp\/v2\/media?parent=93"}],"curies":[{"name":"wp","href":"https:\/\/api.w.org\/{rel}","templated":true}]}}