{"id":80,"date":"2018-10-11T12:10:33","date_gmt":"2018-10-11T12:10:33","guid":{"rendered":"http:\/\/timmyschenk.local\/?page_id=80"},"modified":"2018-11-05T12:12:19","modified_gmt":"2018-11-05T11:12:19","slug":"diamond-burst-band","status":"publish","type":"page","link":"http:\/\/www.timmyschenk.com\/en\/rock-autres\/diamond-burst-band\/","title":{"rendered":"Diamond Burst Band"},"content":{"rendered":"<h2>Diamond Burst Band<\/h2>\n<h5><em><strong>Surrounders &#8211; Original Song<\/strong><\/em><\/h5>\n<p><span class=\"embed-youtube\" style=\"text-align:center; display: block;\"><iframe class='youtube-player' type='text\/html' width='1140' height='642' src='https:\/\/www.youtube.com\/embed\/8FtdsfvvL-8?version=3&#038;rel=1&#038;fs=1&#038;autohide=2&#038;showsearch=0&#038;showinfo=1&#038;iv_load_policy=1&#038;wmode=transparent' allowfullscreen='true' style='border:0;'><\/iframe><\/span><\/p>\n<p>&nbsp;<\/p>\n<p>The band is composed with 4 extraordinary musicians who have been working together for years as \nNirvana's Tribute band ( SM...ELLS LIKE K SPIRIT : www.kurtspirit.com ) \nand from the last year as an original band ( TAKEN BY STORM : www.takenbystormband.com).\nFrom January 2015 the 4 musicians decides to create \nDIAMOND BURST BAND: A POWER ROCK \/ R'n'B COVER BAND!\nThe band will also perform in the futur some original songs!<\/p>\n<p>__<\/p>\n","protected":false},"excerpt":{"rendered":"<p>Diamond Burst Band Surrounders &#8211; Original Song &nbsp; DIAMOND BURST BAND est compos\u00e9 de musiciens extraordinaires et qui ne sont pas inconnus sur la sc\u00e8ne Suisse. En effet, avant de creer DIAMOND BURST BAND, 3 membres du groupe ont tourn\u00e9 dans toute l\u2019Europe en tant que SMELLS LIKE K SPIRIT \u2013 Nirvana tribute band\u2026. et [&hellip;]<\/p>\n","protected":false},"author":1,"featured_media":0,"parent":64,"menu_order":0,"comment_status":"closed","ping_status":"closed","template":"","meta":{"spay_email":""},"_links":{"self":[{"href":"http:\/\/www.timmyschenk.com\/en\/wp-json\/wp\/v2\/pages\/80"}],"collection":[{"href":"http:\/\/www.timmyschenk.com\/en\/wp-json\/wp\/v2\/pages"}],"about":[{"href":"http:\/\/www.timmyschenk.com\/en\/wp-json\/wp\/v2\/types\/page"}],"author":[{"embeddable":true,"href":"http:\/\/www.timmyschenk.com\/en\/wp-json\/wp\/v2\/users\/1"}],"replies":[{"embeddable":true,"href":"http:\/\/www.timmyschenk.com\/en\/wp-json\/wp\/v2\/comments?post=80"}],"version-history":[{"count":3,"href":"http:\/\/www.timmyschenk.com\/en\/wp-json\/wp\/v2\/pages\/80\/revisions"}],"predecessor-version":[{"id":170,"href":"http:\/\/www.timmyschenk.com\/en\/wp-json\/wp\/v2\/pages\/80\/revisions\/170"}],"up":[{"embeddable":true,"href":"http:\/\/www.timmyschenk.com\/en\/wp-json\/wp\/v2\/pages\/64"}],"wp:attachment":[{"href":"http:\/\/www.timmyschenk.com\/en\/wp-json\/wp\/v2\/media?parent=80"}],"curies":[{"name":"wp","href":"https:\/\/api.w.org\/{rel}","templated":true}]}}