{"id":78,"date":"2018-10-11T12:10:08","date_gmt":"2018-10-11T12:10:08","guid":{"rendered":"http:\/\/timmyschenk.local\/?page_id=78"},"modified":"2018-11-05T12:11:32","modified_gmt":"2018-11-05T11:11:32","slug":"smells-like-k-spirit","status":"publish","type":"page","link":"http:\/\/www.timmyschenk.com\/en\/rock-autres\/smells-like-k-spirit\/","title":{"rendered":"Smells Like K. Spirit"},"content":{"rendered":"<h2>Smells Like K. Spirit<\/h2>\n<h5><em><strong>Stage On Rails, Belgium, 2014 &#8211; Full Concert<\/strong><\/em><\/h5>\n<p><span class=\"embed-youtube\" style=\"text-align:center; display: block;\"><iframe class='youtube-player' type='text\/html' width='1140' height='642' src='https:\/\/www.youtube.com\/embed\/9Oux9LnG_q0?version=3&#038;rel=1&#038;fs=1&#038;autohide=2&#038;showsearch=0&#038;showinfo=1&#038;iv_load_policy=1&#038;wmode=transparent' allowfullscreen='true' style='border:0;'><\/iframe><\/span><\/p>\n<p>Smells Like K. Spirit is an genuine Nirvana Tribute Band, founded by Hedi Black and Timmy Schenk in 2010.<\/p>\n<p>Smells Like K. Spirit  is not a cover band, but a tribute band, a carbon copy which will let you experience or experience again the wonderful and powerful atmosphere of Nirvana's shows.<\/p>\n<blockquote><p>Avec son allure d\u2019ange d\u00e9chu, aur\u00e9ol\u00e9e d\u2019une sensibilit\u00e9 a fleur de peau, Timmy Schenk met sa voix et sa guitare au service de Smells Like K. Spirit. Et La ressemblance est frappante car il rappelle sans conteste le leader du groupe de Seattle! Avec Hedi Black a la batterie et Donn Torres a la basse, le groupe se frotte intensivement aux chansons de Nirvana, ce qui leur permet de saisir ce style aussi crasseux qu\u2019\u00e9motif. \u00a0Anetka Mulhemann, 24 Heures<\/p><\/blockquote>\n<p>&nbsp;<\/p>\n<h2>&#8211;&gt; <a href=\"https:\/\/www.lematin.ch\/suisse\/Ces-Romands-ont-un-succes-fou-en-imitant-Nirvana\/story\/31418991\">Article du Matin sur le concert \u00e0 L&#8217;Olympia de Paris<\/a><\/h2>\n","protected":false},"excerpt":{"rendered":"<p>Smells Like K. Spirit Stage On Rails, Belgium, 2014 &#8211; Full Concert Smells Like K. Spirit est un v\u00e9ritable groupe d\u2019hommage \u00e0 Nirvana fond\u00e9 en septembre 2010 par Hedi Black et Timmy Schenk. Smells Like K. Spirit n\u2019est pas un cover band, mais une copie carbone qui vous permettra d\u2019exp\u00e9rimenter ou de red\u00e9couvrir l\u2019atmosph\u00e8re merveilleuse [&hellip;]<\/p>\n","protected":false},"author":1,"featured_media":0,"parent":64,"menu_order":0,"comment_status":"closed","ping_status":"closed","template":"","meta":{"spay_email":""},"_links":{"self":[{"href":"http:\/\/www.timmyschenk.com\/en\/wp-json\/wp\/v2\/pages\/78"}],"collection":[{"href":"http:\/\/www.timmyschenk.com\/en\/wp-json\/wp\/v2\/pages"}],"about":[{"href":"http:\/\/www.timmyschenk.com\/en\/wp-json\/wp\/v2\/types\/page"}],"author":[{"embeddable":true,"href":"http:\/\/www.timmyschenk.com\/en\/wp-json\/wp\/v2\/users\/1"}],"replies":[{"embeddable":true,"href":"http:\/\/www.timmyschenk.com\/en\/wp-json\/wp\/v2\/comments?post=78"}],"version-history":[{"count":5,"href":"http:\/\/www.timmyschenk.com\/en\/wp-json\/wp\/v2\/pages\/78\/revisions"}],"predecessor-version":[{"id":168,"href":"http:\/\/www.timmyschenk.com\/en\/wp-json\/wp\/v2\/pages\/78\/revisions\/168"}],"up":[{"embeddable":true,"href":"http:\/\/www.timmyschenk.com\/en\/wp-json\/wp\/v2\/pages\/64"}],"wp:attachment":[{"href":"http:\/\/www.timmyschenk.com\/en\/wp-json\/wp\/v2\/media?parent=78"}],"curies":[{"name":"wp","href":"https:\/\/api.w.org\/{rel}","templated":true}]}}