{"id":76,"date":"2018-10-11T12:09:54","date_gmt":"2018-10-11T12:09:54","guid":{"rendered":"http:\/\/timmyschenk.local\/?page_id=76"},"modified":"2018-11-05T12:10:50","modified_gmt":"2018-11-05T11:10:50","slug":"taken-by-storm","status":"publish","type":"page","link":"http:\/\/www.timmyschenk.com\/en\/rock-autres\/taken-by-storm\/","title":{"rendered":"Taken By Storm"},"content":{"rendered":"<h2>Taken By Storm<\/h2>\n<h5><strong><em>One Of Them<\/em><\/strong><\/h5>\n<p><span class=\"embed-youtube\" style=\"text-align:center; display: block;\"><iframe class='youtube-player' type='text\/html' width='1140' height='642' src='https:\/\/www.youtube.com\/embed\/DcSRZiCO2V4?version=3&#038;rel=1&#038;fs=1&#038;autohide=2&#038;showsearch=0&#038;showinfo=1&#038;iv_load_policy=1&#038;wmode=transparent' allowfullscreen='true' style='border:0;'><\/iframe><\/span><\/p>\n<p>Powerful classic rock with a modern approaches, influenced by the bands like MUSE, KORN, LED ZEPPELIN,\n NIRVANA ...and more, mixed with a recognizable voice and a positive attitude exploding on stage ... this is the\n identity and signature sound of the band !<\/p>\n<p>With a casual look and edgy sensitivity, Timmy Storm is the voice, rhythm guitarist, and resident poet\/lyricist for\nTAKEN BY STORM ! On the bass is Donn Torres, a multi-talented California musician who, in his long career,\nhas had the opportunity to rub shoulders with great artists from the US and Europe. Hedi Black, experienced artist\nand in many cases the tireless leader of the group, lends himself to the role of the drummer. Alex Sanders, a\nvirtuoso guitar player who has played with many top artists, joined the band in November 2014. With these four\ndynamic artists the group has taken off and is giving it their all on the new album !<\/p>\n<p>En deux ans de travail Taken By Storm peut \u00eatre fier d&#8217;avoir pris activement part \u00e0 la sc\u00e8ne musicale europ\u00e9enne en ayant jou\u00e9 plus de 60 concerts&#8230; dont certains r\u00e9put\u00e9s comme \u00e9tant de grandes et notables sc\u00e8nes (Montreux Jazz Festival, Exit Festival, Red Pigs Festival etc.) ainsi que d\u2019autres belles salles comme le Satellit Club \u2013 Roannes \/ France, Bitef Art Cafe \u2013 Belgrade \/ Serbie, Hall Of Fame \u2013 Z\u00fcrich \/ Suisse, PickWick Club Gen\u00e8ve \/ Suisse parmi tant d\u2019autres. Pendant cette p\u00e9riode le groupe a aussi partag\u00e9 la sc\u00e8ne avec des artistes de renomm\u00e9e mondiale.<\/p>\n<p>&nbsp;<\/p>\n<h3><em><strong><a href=\"https:\/\/itunes.apple.com\/us\/artist\/taken-by-storm\/992446029\">Albums disponibles ici ! sur Itunes et autres plateformes !<\/a><\/strong><\/em><\/h3>\n","protected":false},"excerpt":{"rendered":"<p>Taken By Storm One Of Them Du classic rock puissant mais avec une approche moderne, influenc\u00e9 par des artistes tels que MUSE, KORN,\u00a0LED ZEPPELIN, NIRVANA&#8230;et autres, m\u00e9lang\u00e9 \u00e0 une voix reconnaissable et une attitude positive et explosive\u00a0sur sc\u00e8ne : voici l\u2019identit\u00e9 et la signature musicale du groupe ! Avec son allure d\u00e9sinvolte aur\u00e9ol\u00e9e d\u2019une sensibilit\u00e9 [&hellip;]<\/p>\n","protected":false},"author":1,"featured_media":0,"parent":64,"menu_order":0,"comment_status":"closed","ping_status":"closed","template":"","meta":{"spay_email":""},"_links":{"self":[{"href":"http:\/\/www.timmyschenk.com\/en\/wp-json\/wp\/v2\/pages\/76"}],"collection":[{"href":"http:\/\/www.timmyschenk.com\/en\/wp-json\/wp\/v2\/pages"}],"about":[{"href":"http:\/\/www.timmyschenk.com\/en\/wp-json\/wp\/v2\/types\/page"}],"author":[{"embeddable":true,"href":"http:\/\/www.timmyschenk.com\/en\/wp-json\/wp\/v2\/users\/1"}],"replies":[{"embeddable":true,"href":"http:\/\/www.timmyschenk.com\/en\/wp-json\/wp\/v2\/comments?post=76"}],"version-history":[{"count":11,"href":"http:\/\/www.timmyschenk.com\/en\/wp-json\/wp\/v2\/pages\/76\/revisions"}],"predecessor-version":[{"id":337,"href":"http:\/\/www.timmyschenk.com\/en\/wp-json\/wp\/v2\/pages\/76\/revisions\/337"}],"up":[{"embeddable":true,"href":"http:\/\/www.timmyschenk.com\/en\/wp-json\/wp\/v2\/pages\/64"}],"wp:attachment":[{"href":"http:\/\/www.timmyschenk.com\/en\/wp-json\/wp\/v2\/media?parent=76"}],"curies":[{"name":"wp","href":"https:\/\/api.w.org\/{rel}","templated":true}]}}