{"id":70,"date":"2018-10-11T12:09:23","date_gmt":"2018-10-11T12:09:23","guid":{"rendered":"http:\/\/timmyschenk.local\/?page_id=70"},"modified":"2018-11-05T12:13:56","modified_gmt":"2018-11-05T11:13:56","slug":"enseignement","status":"publish","type":"page","link":"http:\/\/www.timmyschenk.com\/en\/enseignement\/","title":{"rendered":"Teaching"},"content":{"rendered":"<p>Timmy Schenk teaches computer music and composition at <a href=\"https:\/\/ecole-musique-farkas.ch\">L&#8217;\u00c9cole de musique Farkas<\/a> Fribourg, since 2016.<\/p>\n<p>Do not hesitate to <a href=\"http:\/\/www.timmyschenk.com\/en\/contact\/\">contact<\/a> me for individual lessons or to take part to a Workshop (Composition, Sequencers, Max\/MSP, OpenMusic, Sound engineering and so one...).<\/p>\n","protected":false},"excerpt":{"rendered":"<p>Timmy Schenk enseigne l&#8217;informatique musicale et la composition \u00e0 L&#8217;\u00c9cole de musique Farkas \u00e0 Fribourg, depuis 2016. N&#8217;h\u00e9sitez pas \u00e0 prendre contact pour des cours personnalis\u00e9s ou pour participer \u00e0 un Workshop (Composition, S\u00e9quenceurs, Max\/MSP, OpenMusic, Technique du Son etc.).<\/p>\n","protected":false},"author":1,"featured_media":0,"parent":0,"menu_order":0,"comment_status":"closed","ping_status":"closed","template":"","meta":{"spay_email":""},"_links":{"self":[{"href":"http:\/\/www.timmyschenk.com\/en\/wp-json\/wp\/v2\/pages\/70"}],"collection":[{"href":"http:\/\/www.timmyschenk.com\/en\/wp-json\/wp\/v2\/pages"}],"about":[{"href":"http:\/\/www.timmyschenk.com\/en\/wp-json\/wp\/v2\/types\/page"}],"author":[{"embeddable":true,"href":"http:\/\/www.timmyschenk.com\/en\/wp-json\/wp\/v2\/users\/1"}],"replies":[{"embeddable":true,"href":"http:\/\/www.timmyschenk.com\/en\/wp-json\/wp\/v2\/comments?post=70"}],"version-history":[{"count":6,"href":"http:\/\/www.timmyschenk.com\/en\/wp-json\/wp\/v2\/pages\/70\/revisions"}],"predecessor-version":[{"id":350,"href":"http:\/\/www.timmyschenk.com\/en\/wp-json\/wp\/v2\/pages\/70\/revisions\/350"}],"wp:attachment":[{"href":"http:\/\/www.timmyschenk.com\/en\/wp-json\/wp\/v2\/media?parent=70"}],"curies":[{"name":"wp","href":"https:\/\/api.w.org\/{rel}","templated":true}]}}