{"id":58,"date":"2018-10-11T12:06:52","date_gmt":"2018-10-11T12:06:52","guid":{"rendered":"http:\/\/timmyschenk.local\/?page_id=58"},"modified":"2019-01-23T11:41:08","modified_gmt":"2019-01-23T10:41:08","slug":"compositions","status":"publish","type":"page","link":"http:\/\/www.timmyschenk.com\/en\/compositions\/","title":{"rendered":"Compositions"},"content":{"rendered":"<p><strong>Compositions r\u00e9centes :<\/strong><\/p>\n<h2 style=\"text-align: left;\"><strong><em>Down In A Wormhole (2018)<\/em><\/strong><\/h2>\n<h5>Ensemble Polytheistic &amp; Tema<\/h5>\n<p><span class=\"embed-youtube\" style=\"text-align:center; display: block;\"><iframe class='youtube-player' type='text\/html' width='1140' height='642' src='https:\/\/www.youtube.com\/embed\/mhjth2Jmj80?version=3&#038;rel=1&#038;fs=1&#038;autohide=2&#038;showsearch=0&#038;showinfo=1&#038;iv_load_policy=1&#038;wmode=transparent' allowfullscreen='true' style='border:0;'><\/iframe><\/span><\/p>\n<h2 style=\"text-align: left;\"><strong><em>Together We Stand, Divided We Fall&#8230; (2018)<\/em><\/strong><\/h2>\n<h5>for piano, electric guitar and electronics<\/h5>\n<p><span class=\"embed-youtube\" style=\"text-align:center; display: block;\"><iframe class='youtube-player' type='text\/html' width='1140' height='642' src='https:\/\/www.youtube.com\/embed\/x4NhwrudGnA?version=3&#038;rel=1&#038;fs=1&#038;autohide=2&#038;showsearch=0&#038;showinfo=1&#038;iv_load_policy=1&#038;wmode=transparent' allowfullscreen='true' style='border:0;'><\/iframe><\/span><\/p>\n<h2><strong><em>Messin&#8217; Around With Elton (2018)\u00a0<\/em><\/strong><\/h2>\n<h5>for bird swarms simulation (video) and electronics.<\/h5>\n<p><iframe src=\"https:\/\/www.youtube.com\/embed\/1cPtwSZAWV4\" width=\"560\" height=\"315\" frameborder=\"0\" allowfullscreen=\"allowfullscreen\"><\/iframe><\/p>\n<h2><em>Genealogy (2017)<\/em><\/h2>\n<h5>for the Swiss Army Symphonic Wind Orchestra.<\/h5>\n<p><iframe src=\"https:\/\/www.youtube.com\/embed\/-YoqO8lf7eg\" width=\"560\" height=\"315\" frameborder=\"0\" allowfullscreen=\"allowfullscreen\"><\/iframe><\/p>\n<h2><em>Neuf Lueurs de Janus (2017)<\/em><\/h2>\n<h5>for Ensemble Nuance.<\/h5>\n<p><iframe src=\"https:\/\/www.youtube.com\/embed\/WIYharuRAlg\" width=\"560\" height=\"315\" frameborder=\"0\" allowfullscreen=\"allowfullscreen\"><\/iframe><\/p>\n<h2><em>Vantage Points (2016)<\/em><\/h2>\n<h5>For piano solo (Nina Grisoni).<\/h5>\n<p><iframe src=\"https:\/\/www.youtube.com\/embed\/dwoEwMUviWQ\" width=\"560\" height=\"315\" frameborder=\"0\" allowfullscreen=\"allowfullscreen\"><\/iframe><\/p>\n<h2><em>Special T&#8217;s (2016)<\/em><\/h2>\n<h5>Electronics.<\/h5>\n<p><iframe src=\"https:\/\/www.youtube.com\/embed\/n0f8XrOInw8\" width=\"560\" height=\"315\" frameborder=\"0\" allowfullscreen=\"allowfullscreen\"><\/iframe><\/p>\n<h2><em>Frozen In Time (2015)<\/em><\/h2>\n<h5>For the Ittinger Pfingskonzerte, electronics on\u00a0<em>O Rubor Sanguinis\u00a0<\/em>d&#8217;Hildegard Von Bingen<\/h5>\n<p><iframe src=\"https:\/\/www.youtube.com\/embed\/KoSzRXrh_BA\" width=\"560\" height=\"315\" frameborder=\"0\" allowfullscreen=\"allowfullscreen\"><\/iframe><\/p>\n","protected":false},"excerpt":{"rendered":"<p>Compositions r\u00e9centes : Down In A Wormhole (2018) Ensemble Polytheistic &amp; Tema Together We Stand, Divided We Fall&#8230; (2018) pour piano, guitare \u00e9lectrique et \u00e9lectronique. Messin&#8217; Around With Elton (2018)\u00a0 pour simulation de nu\u00e9es d&#8217;oiseaux (vid\u00e9o) et \u00e9lectronique. Genealogy (2017) Pour l&#8217;Orchestre Symphonique \u00e0 Vent de l&#8217;Arm\u00e9e Suisse. Neuf Lueurs de Janus (2017) Pour l&#8217;ensemble [&hellip;]<\/p>\n","protected":false},"author":1,"featured_media":0,"parent":0,"menu_order":1,"comment_status":"closed","ping_status":"closed","template":"","meta":{"spay_email":""},"_links":{"self":[{"href":"http:\/\/www.timmyschenk.com\/en\/wp-json\/wp\/v2\/pages\/58"}],"collection":[{"href":"http:\/\/www.timmyschenk.com\/en\/wp-json\/wp\/v2\/pages"}],"about":[{"href":"http:\/\/www.timmyschenk.com\/en\/wp-json\/wp\/v2\/types\/page"}],"author":[{"embeddable":true,"href":"http:\/\/www.timmyschenk.com\/en\/wp-json\/wp\/v2\/users\/1"}],"replies":[{"embeddable":true,"href":"http:\/\/www.timmyschenk.com\/en\/wp-json\/wp\/v2\/comments?post=58"}],"version-history":[{"count":29,"href":"http:\/\/www.timmyschenk.com\/en\/wp-json\/wp\/v2\/pages\/58\/revisions"}],"predecessor-version":[{"id":664,"href":"http:\/\/www.timmyschenk.com\/en\/wp-json\/wp\/v2\/pages\/58\/revisions\/664"}],"wp:attachment":[{"href":"http:\/\/www.timmyschenk.com\/en\/wp-json\/wp\/v2\/media?parent=58"}],"curies":[{"name":"wp","href":"https:\/\/api.w.org\/{rel}","templated":true}]}}